{"id":25005,"date":"2019-12-17T09:24:45","date_gmt":"2019-12-17T08:24:45","guid":{"rendered":"https:\/\/old.fuertafit.com\/?page_id=25005"},"modified":"2021-05-27T17:37:27","modified_gmt":"2021-05-27T15:37:27","slug":"blog","status":"publish","type":"page","link":"https:\/\/old.fuertafit.com\/?page_id=25005","title":{"rendered":"Blog"},"content":{"rendered":"<p>[et_pb_section fb_built=\u00bb1&#8243; fullwidth=\u00bbon\u00bb admin_label=\u00bbHero Section\u00bb _builder_version=\u00bb4.3.2&#8243;][et_pb_fullwidth_header title=\u00bbBlog\u00bb subhead=\u00bb\u00daLTIMOS ART\u00cdCULOS\u00bb background_overlay_color=\u00bbrgba(50,101,94,0.5)\u00bb content_max_width=\u00bb550px\u00bb _builder_version=\u00bb4.9.4&#8243; title_font=\u00bb|700||on|||||\u00bb title_text_color=\u00bb#E2EEED\u00bb title_font_size=\u00bb14px\u00bb title_letter_spacing=\u00bb2px\u00bb title_line_height=\u00bb1.4em\u00bb content_font=\u00bb||||||||\u00bb content_font_size=\u00bb16px\u00bb content_letter_spacing=\u00bb1px\u00bb content_line_height=\u00bb2em\u00bb subhead_font=\u00bbPoppins|700||on|||||\u00bb subhead_font_size=\u00bb48px\u00bb subhead_letter_spacing=\u00bb3px\u00bb subhead_line_height=\u00bb1.4em\u00bb background_color=\u00bbrgba(255,255,255,0)\u00bb background_image=\u00bbhttps:\/\/old.fuertafit.com\/wp-content\/uploads\/consultant-08.jpg\u00bb parallax=\u00bbon\u00bb parallax_method=\u00bbon\u00bb custom_button_one=\u00bbon\u00bb button_one_border_width=\u00bb1px\u00bb button_one_border_color=\u00bbrgba(255,255,255,0.3)\u00bb button_one_border_radius=\u00bb0px\u00bb button_one_letter_spacing=\u00bb1px\u00bb button_one_font=\u00bbSaira Extra Condensed|600||on|||||\u00bb button_one_icon=\u00bb%%3%%\u00bb button_one_icon_color=\u00bb#edbb5f\u00bb custom_button_two=\u00bbon\u00bb button_two_border_width=\u00bb1px\u00bb button_two_border_color=\u00bbrgba(255,255,255,0.3)\u00bb button_two_border_radius=\u00bb0px\u00bb button_two_letter_spacing=\u00bb1px\u00bb button_two_font=\u00bbSaira Extra Condensed|600||on|||||\u00bb button_two_icon=\u00bb%%3%%\u00bb button_two_icon_color=\u00bb#edbb5f\u00bb module_alignment=\u00bbright\u00bb custom_margin=\u00bb|||\u00bb custom_padding=\u00bb8%||180px||false|false\u00bb hover_enabled=\u00bb0&#8243; button_one_text_color_hover=\u00bb#edbb5f\u00bb button_two_text_color_hover=\u00bb#edbb5f\u00bb button_one_bg_color_hover=\u00bbrgba(0,0,0,0)\u00bb button_two_bg_color_hover=\u00bbrgba(0,0,0,0)\u00bb global_module=\u00bb28416&#8243; saved_tabs=\u00bball\u00bb button_one_text_size__hover_enabled=\u00bboff\u00bb button_two_text_size__hover_enabled=\u00bboff\u00bb button_one_text_color__hover_enabled=\u00bbon\u00bb button_one_text_color__hover=\u00bb#edbb5f\u00bb button_two_text_color__hover_enabled=\u00bbon\u00bb button_two_text_color__hover=\u00bb#edbb5f\u00bb button_one_border_width__hover_enabled=\u00bboff\u00bb button_two_border_width__hover_enabled=\u00bboff\u00bb button_one_border_color__hover_enabled=\u00bboff\u00bb button_two_border_color__hover_enabled=\u00bboff\u00bb button_one_border_radius__hover_enabled=\u00bboff\u00bb button_two_border_radius__hover_enabled=\u00bboff\u00bb button_one_letter_spacing__hover_enabled=\u00bboff\u00bb button_two_letter_spacing__hover_enabled=\u00bboff\u00bb button_one_bg_color__hover_enabled=\u00bbon\u00bb button_one_bg_color__hover=\u00bbrgba(0,0,0,0)\u00bb button_two_bg_color__hover_enabled=\u00bbon\u00bb button_two_bg_color__hover=\u00bbrgba(0,0,0,0)\u00bb sticky_enabled=\u00bb0&#8243;][\/et_pb_fullwidth_header][\/et_pb_section][et_pb_section fb_built=\u00bb1&#8243; admin_label=\u00bbBlog\u00bb _builder_version=\u00bb3.22&#8243; custom_padding=\u00bb100px|0px|100px|0px\u00bb][et_pb_row column_structure=\u00bb1_3,1_3,1_3&#8243; _builder_version=\u00bb4.3.2&#8243; custom_margin=\u00bb-200px||||false|false\u00bb][et_pb_column type=\u00bb1_3&#8243; disabled_on=\u00bboff|off|off\u00bb _builder_version=\u00bb4.3.2&#8243;][et_pb_blurb title=\u00bbAlimentaci\u00f3n\u00bb image=\u00bbhttps:\/\/old.fuertafit.com\/wp-content\/uploads\/food-icon.png\u00bb image_max_width=\u00bb80%\u00bb admin_label=\u00bbCat &#8211; Alimentaci\u00f3n \u00bb _builder_version=\u00bb4.3.2&#8243; header_font=\u00bb|600|||||||\u00bb header_text_align=\u00bbcenter\u00bb header_text_color=\u00bb#4D968B\u00bb background_color=\u00bb#ffffff\u00bb custom_padding=\u00bb1rem|2.5rem|1rem|2.5rem|true|true\u00bb animation_style=\u00bbfade\u00bb link_option_url=\u00bb\/categoria\/alimentacion\/\u00bb border_width_all=\u00bb2px\u00bb border_color_all=\u00bb#aad0cc\u00bb border_color_all_image=\u00bb#AAD0CC\u00bb box_shadow_style=\u00bbpreset3&#8243; box_shadow_vertical=\u00bb15px\u00bb box_shadow_blur=\u00bb80px\u00bb][\/et_pb_blurb][\/et_pb_column][et_pb_column type=\u00bb1_3&#8243; _builder_version=\u00bb4.3.2&#8243;][et_pb_blurb title=\u00bbEjercicio\u00bb image=\u00bbhttps:\/\/old.fuertafit.com\/wp-content\/uploads\/sport-icon.png\u00bb image_max_width=\u00bb80%\u00bb admin_label=\u00bbCat &#8211; Ejercicio\u00bb _builder_version=\u00bb4.3.2&#8243; header_font=\u00bb|600|||||||\u00bb header_text_align=\u00bbcenter\u00bb header_text_color=\u00bb#4D968B\u00bb background_color=\u00bb#ffffff\u00bb custom_padding=\u00bb1rem|2.5rem|1rem|2.5rem|true|true\u00bb animation_style=\u00bbfade\u00bb link_option_url=\u00bb\/categoria\/ejercicio\/\u00bb border_width_all=\u00bb2px\u00bb border_color_all=\u00bb#aad0cc\u00bb border_color_all_image=\u00bb#AAD0CC\u00bb box_shadow_style=\u00bbpreset3&#8243; box_shadow_vertical=\u00bb15px\u00bb box_shadow_blur=\u00bb80px\u00bb][\/et_pb_blurb][\/et_pb_column][et_pb_column type=\u00bb1_3&#8243; _builder_version=\u00bb4.3.2&#8243;][et_pb_blurb title=\u00bbEstilo de vida\u00bb image=\u00bbhttps:\/\/old.fuertafit.com\/wp-content\/uploads\/lifestyle-icon.png\u00bb image_max_width=\u00bb80%\u00bb admin_label=\u00bbCat &#8211; Alimentaci\u00f3n \u00bb _builder_version=\u00bb4.3.2&#8243; header_font=\u00bb|600|||||||\u00bb header_text_align=\u00bbcenter\u00bb header_text_color=\u00bb#4D968B\u00bb background_color=\u00bb#ffffff\u00bb custom_padding=\u00bb1rem|2.5rem|1rem|2.5rem|true|true\u00bb animation_style=\u00bbfade\u00bb link_option_url=\u00bb\/categoria\/estilo-de-vida\/\u00bb border_width_all=\u00bb2px\u00bb border_color_all=\u00bb#aad0cc\u00bb border_color_all_image=\u00bb#AAD0CC\u00bb box_shadow_style=\u00bbpreset3&#8243; box_shadow_vertical=\u00bb15px\u00bb box_shadow_blur=\u00bb80px\u00bb][\/et_pb_blurb][\/et_pb_column][\/et_pb_row][et_pb_row column_structure=\u00bb3_4,1_4&#8243; _builder_version=\u00bb3.25&#8243; max_width=\u00bb1440px\u00bb use_custom_width=\u00bbon\u00bb custom_width_px=\u00bb1440px\u00bb][et_pb_column type=\u00bb3_4&#8243; _builder_version=\u00bb3.25&#8243; custom_padding=\u00bb|||\u00bb custom_padding__hover=\u00bb|||\u00bb][et_pb_blog fullwidth=\u00bboff\u00bb posts_number=\u00bb6&#8243; show_author=\u00bboff\u00bb show_date=\u00bboff\u00bb show_pagination_last_edited=\u00bboff|phone\u00bb _builder_version=\u00bb4.3.2&#8243; header_font=\u00bb|700|||||||\u00bb header_font_size=\u00bb22px\u00bb header_line_height=\u00bb1.4em\u00bb body_font=\u00bb||||||||\u00bb body_font_size=\u00bb16px\u00bb body_line_height=\u00bb2em\u00bb meta_font=\u00bb|600||on|||||\u00bb meta_text_color=\u00bb#4D968B\u00bb meta_font_size=\u00bb12px\u00bb meta_letter_spacing=\u00bb1px\u00bb meta_line_height=\u00bb2em\u00bb pagination_font=\u00bb|600||on|||||\u00bb pagination_text_color=\u00bb#4D968B\u00bb pagination_font_size=\u00bb16px\u00bb pagination_letter_spacing=\u00bb1px\u00bb pagination_line_height=\u00bb2em\u00bb text_orientation=\u00bbcenter\u00bb custom_margin=\u00bb||||false|false\u00bb custom_padding=\u00bb|||\u00bb custom_padding_phone=\u00bb|40px||40px\u00bb custom_padding_last_edited=\u00bboff|desktop\u00bb animation_style=\u00bbslide\u00bb animation_direction=\u00bbbottom\u00bb animation_intensity_slide=\u00bb3%\u00bb animation_starting_opacity=\u00bb100%\u00bb border_width_all=\u00bb0px\u00bb box_shadow_style=\u00bbpreset3&#8243; box_shadow_vertical=\u00bb15px\u00bb box_shadow_blur=\u00bb80px\u00bb box_shadow_color=\u00bbrgba(0,0,0,0.2)\u00bb][\/et_pb_blog][\/et_pb_column][et_pb_column type=\u00bb1_4&#8243; _builder_version=\u00bb3.25&#8243; custom_padding=\u00bb|||\u00bb custom_padding__hover=\u00bb|||\u00bb][et_pb_sidebar area=\u00bbsidebar-1&#8243; _builder_version=\u00bb4.3.2&#8243; header_font=\u00bb|600||on|||||\u00bb header_font_size=\u00bb14px\u00bb header_letter_spacing=\u00bb1px\u00bb header_line_height=\u00bb1.8em\u00bb body_font=\u00bb||||||||\u00bb body_line_height=\u00bb2em\u00bb text_orientation=\u00bbleft\u00bb custom_padding=\u00bb|||\u00bb custom_padding_tablet=\u00bb|||0px\u00bb custom_padding_last_edited=\u00bboff|desktop\u00bb border_style_all=\u00bbnone\u00bb][\/et_pb_sidebar][\/et_pb_column][\/et_pb_row][\/et_pb_section]<\/p>\n","protected":false},"excerpt":{"rendered":"","protected":false},"author":1,"featured_media":0,"parent":0,"menu_order":0,"comment_status":"closed","ping_status":"closed","template":"","meta":{"_et_pb_use_builder":"on","_et_pb_old_content":"","_et_gb_content_width":""},"yoast_head":"<!-- This site is optimized with the Yoast SEO plugin v20.3 - https:\/\/yoast.com\/wordpress\/plugins\/seo\/ -->\n<title>El Blog de Fuertafit: aprende a cambiar tus h\u00e1bitos - Fuertafit<\/title>\n<meta name=\"description\" content=\"Fuertafit no deja de crecer y, como especialistas, queremos hablaros de los tem\u00e1s m\u00e1s importantes en las \u00e1reas de la nutrici\u00f3n y el entrenamiento.\" \/>\n<meta name=\"robots\" content=\"index, follow, max-snippet:-1, max-image-preview:large, max-video-preview:-1\" \/>\n<link rel=\"canonical\" href=\"https:\/\/old.fuertafit.com\/?page_id=25005\" \/>\n<meta property=\"og:locale\" content=\"es_ES\" \/>\n<meta property=\"og:type\" content=\"article\" \/>\n<meta property=\"og:title\" content=\"El Blog de Fuertafit: aprende a cambiar tus h\u00e1bitos - Fuertafit\" \/>\n<meta property=\"og:description\" content=\"Fuertafit no deja de crecer y, como especialistas, queremos hablaros de los tem\u00e1s m\u00e1s importantes en las \u00e1reas de la nutrici\u00f3n y el entrenamiento.\" \/>\n<meta property=\"og:url\" content=\"https:\/\/old.fuertafit.com\/?page_id=25005\" \/>\n<meta property=\"og:site_name\" content=\"Fuertafit\" \/>\n<meta property=\"article:publisher\" content=\"https:\/\/www.facebook.com\/Fuertafit-1339260542895841\/\" \/>\n<meta property=\"article:modified_time\" content=\"2021-05-27T15:37:27+00:00\" \/>\n<meta name=\"twitter:card\" content=\"summary_large_image\" \/>\n<meta name=\"twitter:label1\" content=\"Tiempo de lectura\" \/>\n\t<meta name=\"twitter:data1\" content=\"5 minutos\" \/>\n<script type=\"application\/ld+json\" class=\"yoast-schema-graph\">{\"@context\":\"https:\/\/schema.org\",\"@graph\":[{\"@type\":\"WebPage\",\"@id\":\"https:\/\/old.fuertafit.com\/?page_id=25005\",\"url\":\"https:\/\/old.fuertafit.com\/?page_id=25005\",\"name\":\"El Blog de Fuertafit: aprende a cambiar tus h\u00e1bitos - Fuertafit\",\"isPartOf\":{\"@id\":\"https:\/\/old.fuertafit.com\/#website\"},\"datePublished\":\"2019-12-17T08:24:45+00:00\",\"dateModified\":\"2021-05-27T15:37:27+00:00\",\"description\":\"Fuertafit no deja de crecer y, como especialistas, queremos hablaros de los tem\u00e1s m\u00e1s importantes en las \u00e1reas de la nutrici\u00f3n y el entrenamiento.\",\"breadcrumb\":{\"@id\":\"https:\/\/old.fuertafit.com\/?page_id=25005#breadcrumb\"},\"inLanguage\":\"es\",\"potentialAction\":[{\"@type\":\"ReadAction\",\"target\":[\"https:\/\/old.fuertafit.com\/?page_id=25005\"]}]},{\"@type\":\"BreadcrumbList\",\"@id\":\"https:\/\/old.fuertafit.com\/?page_id=25005#breadcrumb\",\"itemListElement\":[{\"@type\":\"ListItem\",\"position\":1,\"name\":\"Portada\",\"item\":\"https:\/\/old.fuertafit.com\/\"},{\"@type\":\"ListItem\",\"position\":2,\"name\":\"Blog\"}]},{\"@type\":\"WebSite\",\"@id\":\"https:\/\/old.fuertafit.com\/#website\",\"url\":\"https:\/\/old.fuertafit.com\/\",\"name\":\"FuertaFit+ el Gimnasio Online m\u00e1s Fuertaco de Sergio Peinado\",\"description\":\"El m\u00e9todo de entrenamiento de Sergio Peinado\",\"publisher\":{\"@id\":\"https:\/\/old.fuertafit.com\/#organization\"},\"potentialAction\":[{\"@type\":\"SearchAction\",\"target\":{\"@type\":\"EntryPoint\",\"urlTemplate\":\"https:\/\/old.fuertafit.com\/?s={search_term_string}\"},\"query-input\":\"required name=search_term_string\"}],\"inLanguage\":\"es\"},{\"@type\":\"Organization\",\"@id\":\"https:\/\/old.fuertafit.com\/#organization\",\"name\":\"FuertaFit+ el Gimnasio Online m\u00e1s Fuertaco de Sergio Peinado\",\"url\":\"https:\/\/old.fuertafit.com\/\",\"logo\":{\"@type\":\"ImageObject\",\"inLanguage\":\"es\",\"@id\":\"https:\/\/old.fuertafit.com\/#\/schema\/logo\/image\/\",\"url\":\"https:\/\/old.fuertafit.com\/wp-content\/uploads\/fuertafit.png\",\"contentUrl\":\"https:\/\/old.fuertafit.com\/wp-content\/uploads\/fuertafit.png\",\"width\":1217,\"height\":354,\"caption\":\"FuertaFit+ el Gimnasio Online m\u00e1s Fuertaco de Sergio Peinado\"},\"image\":{\"@id\":\"https:\/\/old.fuertafit.com\/#\/schema\/logo\/image\/\"},\"sameAs\":[\"https:\/\/www.facebook.com\/Fuertafit-1339260542895841\/\",\"https:\/\/www.instagram.com\/fuertafit\/\",\"https:\/\/www.youtube.com\/channel\/UCfQ_CQgctR53r4OSsloKYTA\"]}]}<\/script>\n<!-- \/ Yoast SEO plugin. -->","yoast_head_json":{"title":"El Blog de Fuertafit: aprende a cambiar tus h\u00e1bitos - Fuertafit","description":"Fuertafit no deja de crecer y, como especialistas, queremos hablaros de los tem\u00e1s m\u00e1s importantes en las \u00e1reas de la nutrici\u00f3n y el entrenamiento.","robots":{"index":"index","follow":"follow","max-snippet":"max-snippet:-1","max-image-preview":"max-image-preview:large","max-video-preview":"max-video-preview:-1"},"canonical":"https:\/\/old.fuertafit.com\/?page_id=25005","og_locale":"es_ES","og_type":"article","og_title":"El Blog de Fuertafit: aprende a cambiar tus h\u00e1bitos - Fuertafit","og_description":"Fuertafit no deja de crecer y, como especialistas, queremos hablaros de los tem\u00e1s m\u00e1s importantes en las \u00e1reas de la nutrici\u00f3n y el entrenamiento.","og_url":"https:\/\/old.fuertafit.com\/?page_id=25005","og_site_name":"Fuertafit","article_publisher":"https:\/\/www.facebook.com\/Fuertafit-1339260542895841\/","article_modified_time":"2021-05-27T15:37:27+00:00","twitter_card":"summary_large_image","twitter_misc":{"Tiempo de lectura":"5 minutos"},"schema":{"@context":"https:\/\/schema.org","@graph":[{"@type":"WebPage","@id":"https:\/\/old.fuertafit.com\/?page_id=25005","url":"https:\/\/old.fuertafit.com\/?page_id=25005","name":"El Blog de Fuertafit: aprende a cambiar tus h\u00e1bitos - Fuertafit","isPartOf":{"@id":"https:\/\/old.fuertafit.com\/#website"},"datePublished":"2019-12-17T08:24:45+00:00","dateModified":"2021-05-27T15:37:27+00:00","description":"Fuertafit no deja de crecer y, como especialistas, queremos hablaros de los tem\u00e1s m\u00e1s importantes en las \u00e1reas de la nutrici\u00f3n y el entrenamiento.","breadcrumb":{"@id":"https:\/\/old.fuertafit.com\/?page_id=25005#breadcrumb"},"inLanguage":"es","potentialAction":[{"@type":"ReadAction","target":["https:\/\/old.fuertafit.com\/?page_id=25005"]}]},{"@type":"BreadcrumbList","@id":"https:\/\/old.fuertafit.com\/?page_id=25005#breadcrumb","itemListElement":[{"@type":"ListItem","position":1,"name":"Portada","item":"https:\/\/old.fuertafit.com\/"},{"@type":"ListItem","position":2,"name":"Blog"}]},{"@type":"WebSite","@id":"https:\/\/old.fuertafit.com\/#website","url":"https:\/\/old.fuertafit.com\/","name":"FuertaFit+ el Gimnasio Online m\u00e1s Fuertaco de Sergio Peinado","description":"El m\u00e9todo de entrenamiento de Sergio Peinado","publisher":{"@id":"https:\/\/old.fuertafit.com\/#organization"},"potentialAction":[{"@type":"SearchAction","target":{"@type":"EntryPoint","urlTemplate":"https:\/\/old.fuertafit.com\/?s={search_term_string}"},"query-input":"required name=search_term_string"}],"inLanguage":"es"},{"@type":"Organization","@id":"https:\/\/old.fuertafit.com\/#organization","name":"FuertaFit+ el Gimnasio Online m\u00e1s Fuertaco de Sergio Peinado","url":"https:\/\/old.fuertafit.com\/","logo":{"@type":"ImageObject","inLanguage":"es","@id":"https:\/\/old.fuertafit.com\/#\/schema\/logo\/image\/","url":"https:\/\/old.fuertafit.com\/wp-content\/uploads\/fuertafit.png","contentUrl":"https:\/\/old.fuertafit.com\/wp-content\/uploads\/fuertafit.png","width":1217,"height":354,"caption":"FuertaFit+ el Gimnasio Online m\u00e1s Fuertaco de Sergio Peinado"},"image":{"@id":"https:\/\/old.fuertafit.com\/#\/schema\/logo\/image\/"},"sameAs":["https:\/\/www.facebook.com\/Fuertafit-1339260542895841\/","https:\/\/www.instagram.com\/fuertafit\/","https:\/\/www.youtube.com\/channel\/UCfQ_CQgctR53r4OSsloKYTA"]}]}},"_links":{"self":[{"href":"https:\/\/old.fuertafit.com\/index.php?rest_route=\/wp\/v2\/pages\/25005"}],"collection":[{"href":"https:\/\/old.fuertafit.com\/index.php?rest_route=\/wp\/v2\/pages"}],"about":[{"href":"https:\/\/old.fuertafit.com\/index.php?rest_route=\/wp\/v2\/types\/page"}],"author":[{"embeddable":true,"href":"https:\/\/old.fuertafit.com\/index.php?rest_route=\/wp\/v2\/users\/1"}],"replies":[{"embeddable":true,"href":"https:\/\/old.fuertafit.com\/index.php?rest_route=%2Fwp%2Fv2%2Fcomments&post=25005"}],"version-history":[{"count":3,"href":"https:\/\/old.fuertafit.com\/index.php?rest_route=\/wp\/v2\/pages\/25005\/revisions"}],"predecessor-version":[{"id":29629,"href":"https:\/\/old.fuertafit.com\/index.php?rest_route=\/wp\/v2\/pages\/25005\/revisions\/29629"}],"wp:attachment":[{"href":"https:\/\/old.fuertafit.com\/index.php?rest_route=%2Fwp%2Fv2%2Fmedia&parent=25005"}],"curies":[{"name":"wp","href":"https:\/\/api.w.org\/{rel}","templated":true}]}}