{"id":28327,"date":"2021-05-13T20:48:11","date_gmt":"2021-05-13T18:48:11","guid":{"rendered":"https:\/\/old.fuertafit.com\/?page_id=28327"},"modified":"2021-05-28T12:54:05","modified_gmt":"2021-05-28T10:54:05","slug":"fuertadancebck","status":"publish","type":"page","link":"https:\/\/old.fuertafit.com\/?page_id=28327","title":{"rendered":"Fuertadance."},"content":{"rendered":"<p>[et_pb_section fb_built=\u00bb1&#8243; prev_background_color=\u00bb#ffffff\u00bb next_background_color=\u00bb#ffffff\u00bb _builder_version=\u00bb4.3.2&#8243; background_color=\u00bb#8BC7B0&#8243; custom_padding=\u00bb1.5rem||1.5rem||false|false\u00bb top_divider_style=\u00bbslant\u00bb bottom_divider_style=\u00bbslant\u00bb][et_pb_row _builder_version=\u00bb4.9.4&#8243; background_color=\u00bb#fcfcdc\u00bb custom_margin=\u00bb0px|auto|-25px|auto|false|false\u00bb custom_padding=\u00bb0px||||false|false\u00bb][et_pb_column type=\u00bb4_4&#8243; _builder_version=\u00bb3.25&#8243; custom_padding=\u00bb|||\u00bb custom_padding__hover=\u00bb|||\u00bb][et_pb_image src=\u00bbhttps:\/\/old.fuertafit.com\/wp-content\/uploads\/FUERTADANCE.jpg\u00bb title_text=\u00bbFUERTADANCE\u00bb align=\u00bbcenter\u00bb _builder_version=\u00bb4.9.4&#8243; _module_preset=\u00bbdefault\u00bb][\/et_pb_image][\/et_pb_column][\/et_pb_row][\/et_pb_section][et_pb_section fb_built=\u00bb1&#8243; _builder_version=\u00bb4.9.4&#8243; _module_preset=\u00bbdefault\u00bb custom_margin=\u00bb-19px||-52px||false|false\u00bb custom_padding=\u00bb0px||||false|false\u00bb][et_pb_row column_structure=\u00bb1_5,3_5,1_5&#8243; make_equal=\u00bbon\u00bb _builder_version=\u00bb4.9.4&#8243; _module_preset=\u00bbdefault\u00bb background_color=\u00bb#fcfcdc\u00bb min_height=\u00bb332px\u00bb][et_pb_column type=\u00bb1_5&#8243; _builder_version=\u00bb4.9.4&#8243; _module_preset=\u00bbdefault\u00bb][\/et_pb_column][et_pb_column type=\u00bb3_5&#8243; _builder_version=\u00bb4.9.4&#8243; _module_preset=\u00bbdefault\u00bb][et_pb_image _builder_version=\u00bb4.9.4&#8243; _module_preset=\u00bbdefault\u00bb hover_enabled=\u00bb0&#8243; sticky_enabled=\u00bb0&#8243;][\/et_pb_image][et_pb_text _builder_version=\u00bb4.9.4&#8243; _module_preset=\u00bbdefault\u00bb header_4_font=\u00bbHero Bold||||||||\u00bb global_colors_info=\u00bb{%22gcid-9eb24584-77cd-47e6-9a4c-797d599e6428%22:%91%22header_4_text_color%22%93}\u00bb header_4_text_color=\u00bbgcid-9eb24584-77cd-47e6-9a4c-797d599e6428&#8243; header_4_font_size=\u00bb20px\u00bb hover_enabled=\u00bb0&#8243; sticky_enabled=\u00bb0&#8243; custom_margin=\u00bb||-9px||false|false\u00bb]<\/p>\n<h4 style=\"text-align: center;\">NUEVAS RUTINAS<\/h4>\n<p>[\/et_pb_text][et_pb_image src=\u00bb\/\/www2.fuertafit.com\/hosted\/images\/65\/211a9b7e1b415c8f7a7c0744823d8c\/Fuertadance_sin_circulo.png\u00bb _builder_version=\u00bb4.9.4&#8243; _module_preset=\u00bbdefault\u00bb][\/et_pb_image][et_pb_blurb image=\u00bbhttps:\/\/old.fuertafit.com\/wp-content\/uploads\/deportista.png\u00bb alt=\u00bbIcono Recursos gratis\u00bb icon_placement=\u00bbleft\u00bb content_max_width=\u00bb556px\u00bb _builder_version=\u00bb4.9.4&#8243; _module_preset=\u00bbdefault\u00bb body_font=\u00bbMontserrat||||||||\u00bb body_font_size=\u00bb16px\u00bb custom_margin=\u00bb|||15px|false|false\u00bb hover_enabled=\u00bb0&#8243; custom_css_blurb_content=\u00bb||\u00bb sticky_enabled=\u00bb0&#8243; body_text_align=\u00bbleft\u00bb body_line_height=\u00bb3em\u00bb title_text=\u00bbdeportista\u00bb]<\/p>\n<p style=\"padding-left: 40px;\"><span style=\"font-weight: 400;\">Rutinas cardiovasculares de baile sin material.<\/span><\/p>\n<p>[\/et_pb_blurb][et_pb_blurb image=\u00bbhttps:\/\/old.fuertafit.com\/wp-content\/uploads\/OBJETIVO.png\u00bb alt=\u00bbIcono Recursos gratis\u00bb icon_placement=\u00bbleft\u00bb content_max_width=\u00bb556px\u00bb _builder_version=\u00bb4.9.4&#8243; _module_preset=\u00bbdefault\u00bb body_font=\u00bbMontserrat||||||||\u00bb body_font_size=\u00bb16px\u00bb custom_margin=\u00bb|||15px|false|false\u00bb hover_enabled=\u00bb0&#8243; sticky_enabled=\u00bb0&#8243; body_text_align=\u00bbleft\u00bb body_line_height=\u00bb1.5em\u00bb title_text=\u00bbOBJETIVO\u00bb module_alignment=\u00bbleft\u00bb]<\/p>\n<p style=\"padding-left: 40px;\"><span style=\"font-weight: 400;\">Mejora tu condici\u00f3n f\u00edsica a trav\u00e9s del baile y las clases coreografiadas. <\/span><\/p>\n<p>[\/et_pb_blurb][et_pb_blurb image=\u00bbhttps:\/\/old.fuertafit.com\/wp-content\/uploads\/CORAZON.png\u00bb alt=\u00bbIcono Recursos gratis\u00bb icon_placement=\u00bbleft\u00bb content_max_width=\u00bb556px\u00bb _builder_version=\u00bb4.9.4&#8243; _module_preset=\u00bbdefault\u00bb body_font=\u00bbMontserrat||||||||\u00bb body_font_size=\u00bb16px\u00bb custom_margin=\u00bb|||15px|false|false\u00bb hover_enabled=\u00bb0&#8243; custom_css_blurb_content=\u00bb||\u00bb sticky_enabled=\u00bb0&#8243; body_text_align=\u00bbleft\u00bb body_line_height=\u00bb3em\u00bb title_text=\u00bbCORAZON\u00bb]<\/p>\n<p style=\"padding-left: 40px;\"><span style=\"font-weight: 400;\">Intensidad leve.<\/span><\/p>\n<p>[\/et_pb_blurb][et_pb_blurb image=\u00bbhttps:\/\/old.fuertafit.com\/wp-content\/uploads\/APTO.png\u00bb alt=\u00bbIcono Recursos gratis\u00bb icon_placement=\u00bbleft\u00bb content_max_width=\u00bb556px\u00bb _builder_version=\u00bb4.9.4&#8243; _module_preset=\u00bbdefault\u00bb body_font=\u00bbMontserrat||||||||\u00bb body_font_size=\u00bb16px\u00bb custom_margin=\u00bb|||15px|false|false\u00bb hover_enabled=\u00bb0&#8243; custom_css_blurb_image=\u00bbwidth:4em;\u00bb custom_css_blurb_content=\u00bb display: flex;|| justify-content: center;||\u00bb sticky_enabled=\u00bb0&#8243; body_text_align=\u00bbleft\u00bb body_line_height=\u00bb1.5em\u00bb title_text=\u00bbAPTO\u00bb]<\/p>\n<p style=\"padding-left: 40px;\"><span style=\"font-weight: 400;\">Estas rutinas las puede realizar todo el mundo ya que se da la versi\u00f3n sin impacto de los ejercicios.<\/span><\/p>\n<p>[\/et_pb_blurb][et_pb_blurb image=\u00bbhttps:\/\/old.fuertafit.com\/wp-content\/uploads\/RELOJ.png\u00bb alt=\u00bbIcono Recursos gratis\u00bb icon_placement=\u00bbleft\u00bb content_max_width=\u00bb556px\u00bb _builder_version=\u00bb4.9.4&#8243; _module_preset=\u00bbdefault\u00bb body_font=\u00bbMontserrat||||||||\u00bb body_font_size=\u00bb16px\u00bb custom_margin=\u00bb|||15px|false|false\u00bb hover_enabled=\u00bb0&#8243; sticky_enabled=\u00bb0&#8243; body_text_align=\u00bbleft\u00bb body_line_height=\u00bb1.5em\u00bb title_text=\u00bbRELOJ\u00bb]<\/p>\n<p style=\"padding-left: 40px;\"><span style=\"font-weight: 400;\">Desde 10 hasta 30 minutos<\/span><\/p>\n<p>[\/et_pb_blurb][\/et_pb_column][et_pb_column type=\u00bb1_5&#8243; _builder_version=\u00bb4.9.4&#8243; _module_preset=\u00bbdefault\u00bb][\/et_pb_column][\/et_pb_row][et_pb_row _builder_version=\u00bb4.9.4&#8243; _module_preset=\u00bbdefault\u00bb background_color=\u00bb#fcfcdc\u00bb][et_pb_column type=\u00bb4_4&#8243; _builder_version=\u00bb4.9.4&#8243; _module_preset=\u00bbdefault\u00bb][et_pb_video src=\u00bbhttps:\/\/old.fuertafit.com\/wp-content\/uploads\/FUERTADANCE.mp4&#8243; _builder_version=\u00bb4.9.4&#8243; _module_preset=\u00bbdefault\u00bb][\/et_pb_video][et_pb_button button_text=\u00bbME APUNTO A FUERTAFIT\u00bb button_alignment=\u00bbcenter\u00bb admin_label=\u00bbBot\u00f3n\u00bb _builder_version=\u00bb4.9.4&#8243; _module_preset=\u00bbdefault\u00bb custom_button=\u00bbon\u00bb button_text_size=\u00bb22px\u00bb button_text_color=\u00bb#FFFFFF\u00bb button_bg_color=\u00bb#8bc7b0&#8243; button_border_width=\u00bb0px\u00bb button_border_radius=\u00bb21px\u00bb button_font=\u00bbHero Bold||||||||\u00bb][\/et_pb_button][\/et_pb_column][\/et_pb_row][\/et_pb_section][et_pb_section fb_built=\u00bb1&#8243; _builder_version=\u00bb4.9.0&#8243; _module_preset=\u00bbdefault\u00bb background_color=\u00bb#21262a\u00bb z_index=\u00bb2&#8243; custom_padding=\u00bb16px||16px||true|false\u00bb top_divider_height=\u00bb50px\u00bb top_divider_repeat=\u00bb0x\u00bb top_divider_flip=\u00bbhorizontal\u00bb bottom_divider_height=\u00bb50px\u00bb bottom_divider_flip=\u00bbhorizontal\u00bb][et_pb_row _builder_version=\u00bb4.8.2&#8243; _module_preset=\u00bbdefault\u00bb min_height=\u00bb149px\u00bb custom_padding=\u00bb20px||5px||false|false\u00bb][et_pb_column type=\u00bb4_4&#8243; _builder_version=\u00bb4.7.7&#8243; _module_preset=\u00bbdefault\u00bb][et_pb_text admin_label=\u00bbNewsletter\u00bb _builder_version=\u00bb4.8.2&#8243; text_font=\u00bbMontserrat|300|||||||\u00bb text_font_size=\u00bb16px\u00bb text_line_height=\u00bb1.8em\u00bb header_font=\u00bb||||||||\u00bb header_2_font=\u00bbHero Bold|500|||||||\u00bb header_2_text_align=\u00bbcenter\u00bb header_2_text_color=\u00bb#8bc7b8&#8243; header_2_font_size=\u00bb32px\u00bb header_2_line_height=\u00bb1.5em\u00bb text_orientation=\u00bbcenter\u00bb max_width=\u00bb700px\u00bb module_alignment=\u00bbcenter\u00bb min_height=\u00bb32px\u00bb custom_margin=\u00bb||4px||false|false\u00bb custom_padding=\u00bb||||false|false\u00bb animation_direction=\u00bbright\u00bb]<\/p>\n<h2>Newsletter<\/h2>\n<p>[\/et_pb_text][et_pb_code _builder_version=\u00bb4.9.1&#8243; _module_preset=\u00bbdefault\u00bb]<div class=\"et_bloom_inline_form et_bloom_optin et_bloom_make_form_visible et_bloom_optin_12\" style=\"display: none;\">\n\t\t\t\t<style type=\"text\/css\">.et_bloom .et_bloom_optin_12 .et_bloom_form_content { background-color: #21262a !important; } .et_bloom .et_bloom_optin_12 .et_bloom_form_container .et_bloom_form_header { background-color: #ffffff !important; } .et_bloom .et_bloom_optin_12 .et_bloom_form_content button { background-color: #54C2C !important; } .et_bloom .et_bloom_optin_12 .et_bloom_form_content .et_bloom_fields i { color: #54C2C !important; } .et_bloom .et_bloom_optin_12 .et_bloom_form_content .et_bloom_custom_field_radio i:before { background: #54C2C !important; } .et_bloom .et_bloom_optin_12 .et_bloom_form_content button { background-color: #54C2C !important; } .et_bloom .et_bloom_optin_12 .et_bloom_form_container h2, .et_bloom .et_bloom_optin_12 .et_bloom_form_container h2 span, .et_bloom .et_bloom_optin_12 .et_bloom_form_container h2 strong { font-family: \"Open Sans\", Helvetica, Arial, Lucida, sans-serif; }.et_bloom .et_bloom_optin_12 .et_bloom_form_container p, .et_bloom .et_bloom_optin_12 .et_bloom_form_container p span, .et_bloom .et_bloom_optin_12 .et_bloom_form_container p strong, .et_bloom .et_bloom_optin_12 .et_bloom_form_container form input, .et_bloom .et_bloom_optin_12 .et_bloom_form_container form button span { font-family: \"Open Sans\", Helvetica, Arial, Lucida, sans-serif; } <\/style>\n\t\t\t\t<div class=\"et_bloom_form_container  et_bloom_rounded et_bloom_form_text_dark et_bloom_form_bottom et_bloom_inline_1_field\">\n\t\t\t\t\t\n\t\t\t<div class=\"et_bloom_form_container_wrapper clearfix\">\n\t\t\t\t<div class=\"et_bloom_header_outer\">\n\t\t\t\t\t<div class=\"et_bloom_form_header et_bloom_header_text_dark\">\n\t\t\t\t\t\t\n\t\t\t\t\t\t\n\t\t\t\t\t\t\n\t\t\t\t\t<\/div>\n\t\t\t\t<\/div>\n\t\t\t\t<div class=\"et_bloom_form_content et_bloom_1_field et_bloom_bottom_stacked\">\n\t\t\t\t\t\n\t\t\t\t\t\n\t\t\t\t\t<form method=\"post\" class=\"clearfix\">\n\t\t\t\t\t\t<div class=\"et_bloom_fields\">\n\t\t\t\t\t\t\t\n\t\t\t\t\t\t\t<p class=\"et_bloom_popup_input et_bloom_subscribe_email\">\n\t\t\t\t\t\t\t\t<input placeholder=\"Escribe tu correo electr\u00f3nico (el que uses m\u00e1s a menudo)\">\n\t\t\t\t\t\t\t<\/p>\n\t\t\t\t\t\t\t\n\t\t\t\t\t\t\t<button data-optin_id=\"optin_12\" data-service=\"activecampaign\" data-list_id=\"17\" data-page_id=\"28327\" data-account=\"fuertafit63599activehostedcom\" data-ip_address=\"true\" class=\"et_bloom_submit_subscription\">\n\t\t\t\t\t\t\t\t<span class=\"et_bloom_subscribe_loader\"><\/span>\n\t\t\t\t\t\t\t\t<span class=\"et_bloom_button_text et_bloom_button_text_color_light\">Descubre FUERTAFIT<\/span>\n\t\t\t\t\t\t\t<\/button>\n\t\t\t\t\t\t<\/div>\n\t\t\t\t\t<\/form>\n\t\t\t\t\t<div class=\"et_bloom_success_container\">\n\t\t\t\t\t\t<span class=\"et_bloom_success_checkmark\"><\/span>\n\t\t\t\t\t<\/div>\n\t\t\t\t\t<h2 class=\"et_bloom_success_message\">\u00a1Casi Listo! Recuerda ir al correo \u2709\ufe0f para confirmar, sino no podremos ponernos enviarte toda la info.<\/h2>\n\t\t\t\t\t\n\t\t\t\t<\/div>\n\t\t\t<\/div>\n\t\t\t<span class=\"et_bloom_close_button\"><\/span>\n\t\t\t\t<\/div>\n\t\t\t<\/div>[\/et_pb_code][\/et_pb_column][\/et_pb_row][\/et_pb_section]<\/p>\n","protected":false},"excerpt":{"rendered":"<p>NUEVAS RUTINAS Rutinas cardiovasculares de baile sin material. Mejora tu condici\u00f3n f\u00edsica a trav\u00e9s del baile y las clases coreografiadas. Intensidad leve. Estas rutinas las puede realizar todo el mundo ya que se da la versi\u00f3n sin impacto de los ejercicios. Desde 10 hasta 30 minutos Newsletter <div class=\"et_bloom_inline_form et_bloom_optin et_bloom_make_form_visible et_bloom_optin_12\" style=\"display: none;\">\n\t\t\t\t<style type=\"text\/css\">.et_bloom .et_bloom_optin_12 .et_bloom_form_content { background-color: #21262a !important; } .et_bloom .et_bloom_optin_12 .et_bloom_form_container .et_bloom_form_header { background-color: #ffffff !important; } .et_bloom .et_bloom_optin_12 .et_bloom_form_content button { background-color: #54C2C !important; } .et_bloom .et_bloom_optin_12 .et_bloom_form_content .et_bloom_fields i { color: #54C2C !important; } .et_bloom .et_bloom_optin_12 .et_bloom_form_content .et_bloom_custom_field_radio i:before { background: #54C2C !important; } .et_bloom .et_bloom_optin_12 .et_bloom_form_content button { background-color: #54C2C !important; } .et_bloom .et_bloom_optin_12 .et_bloom_form_container h2, .et_bloom .et_bloom_optin_12 .et_bloom_form_container h2 span, .et_bloom .et_bloom_optin_12 .et_bloom_form_container h2 strong { font-family: \"Open Sans\", Helvetica, Arial, Lucida, sans-serif; }.et_bloom .et_bloom_optin_12 .et_bloom_form_container p, .et_bloom .et_bloom_optin_12 .et_bloom_form_container p span, .et_bloom .et_bloom_optin_12 .et_bloom_form_container p strong, .et_bloom .et_bloom_optin_12 .et_bloom_form_container form input, .et_bloom .et_bloom_optin_12 .et_bloom_form_container form button span { font-family: \"Open Sans\", Helvetica, Arial, Lucida, sans-serif; } <\/style>\n\t\t\t\t<div class=\"et_bloom_form_container  et_bloom_rounded et_bloom_form_text_dark et_bloom_form_bottom et_bloom_inline_1_field\">\n\t\t\t\t\t\n\t\t\t<div class=\"et_bloom_form_container_wrapper clearfix\">\n\t\t\t\t<div class=\"et_bloom_header_outer\">\n\t\t\t\t\t<div class=\"et_bloom_form_header et_bloom_header_text_dark\">\n\t\t\t\t\t\t\n\t\t\t\t\t\t\n\t\t\t\t\t\t\n\t\t\t\t\t<\/div>\n\t\t\t\t<\/div>\n\t\t\t\t<div class=\"et_bloom_form_content et_bloom_1_field et_bloom_bottom_stacked\">\n\t\t\t\t\t\n\t\t\t\t\t\n\t\t\t\t\t<form method=\"post\" class=\"clearfix\">\n\t\t\t\t\t\t<div class=\"et_bloom_fields\">\n\t\t\t\t\t\t\t\n\t\t\t\t\t\t\t<p class=\"et_bloom_popup_input et_bloom_subscribe_email\">\n\t\t\t\t\t\t\t\t<input placeholder=\"Escribe tu correo electr\u00f3nico (el que uses m\u00e1s a menudo)\">\n\t\t\t\t\t\t\t<\/p>\n\t\t\t\t\t\t\t\n\t\t\t\t\t\t\t<button data-optin_id=\"optin_12\" data-service=\"activecampaign\" data-list_id=\"17\" data-page_id=\"5070\" data-account=\"fuertafit63599activehostedcom\" data-ip_address=\"true\" class=\"et_bloom_submit_subscription\">\n\t\t\t\t\t\t\t\t<span class=\"et_bloom_subscribe_loader\"><\/span>\n\t\t\t\t\t\t\t\t<span class=\"et_bloom_button_text et_bloom_button_text_color_light\">Descubre FUERTAFIT<\/span>\n\t\t\t\t\t\t\t<\/button>\n\t\t\t\t\t\t<\/div>\n\t\t\t\t\t<\/form>\n\t\t\t\t\t<div class=\"et_bloom_success_container\">\n\t\t\t\t\t\t<span class=\"et_bloom_success_checkmark\"><\/span>\n\t\t\t\t\t<\/div>\n\t\t\t\t\t<h2 class=\"et_bloom_success_message\">\u00a1Casi Listo! Recuerda ir al correo \u2709\ufe0f para confirmar, sino no podremos ponernos enviarte toda la info.<\/h2>\n\t\t\t\t\t\n\t\t\t\t<\/div>\n\t\t\t<\/div>\n\t\t\t<span class=\"et_bloom_close_button\"><\/span>\n\t\t\t\t<\/div>\n\t\t\t<\/div><\/p>\n","protected":false},"author":14,"featured_media":0,"parent":0,"menu_order":0,"comment_status":"closed","ping_status":"closed","template":"","meta":{"_et_pb_use_builder":"on","_et_pb_old_content":"","_et_gb_content_width":""},"yoast_head":"<!-- This site is optimized with the Yoast SEO plugin v20.3 - https:\/\/yoast.com\/wordpress\/plugins\/seo\/ -->\n<title>Fuertadance. - Fuertafit<\/title>\n<meta name=\"robots\" content=\"index, follow, max-snippet:-1, max-image-preview:large, max-video-preview:-1\" \/>\n<link rel=\"canonical\" href=\"https:\/\/old.fuertafit.com\/?page_id=28327\" \/>\n<meta property=\"og:locale\" content=\"es_ES\" \/>\n<meta property=\"og:type\" content=\"article\" \/>\n<meta property=\"og:title\" content=\"Fuertadance. - Fuertafit\" \/>\n<meta property=\"og:description\" content=\"Hey Fellow! Limited time offer. Get 10 free stock images. Yes, I\u2019m a dummy text. Anyway I look nice and useful. TRUSTED AND USED BY MANY HUMANS AND COMPANIES Yes, I\u2019m a dummy text. Anyway I look nice and useful. Yes, I\u2019m a dummy text. Anyway I look nice and useful. Yes, I\u2019m a dummy\u2026 Read More &raquo;\" \/>\n<meta property=\"og:url\" content=\"https:\/\/old.fuertafit.com\/?page_id=28327\" \/>\n<meta property=\"og:site_name\" content=\"Fuertafit\" \/>\n<meta property=\"article:publisher\" content=\"https:\/\/www.facebook.com\/Fuertafit-1339260542895841\/\" \/>\n<meta property=\"article:modified_time\" content=\"2021-05-28T10:54:05+00:00\" \/>\n<meta name=\"twitter:card\" content=\"summary_large_image\" \/>\n<meta name=\"twitter:label1\" content=\"Tiempo de lectura\" \/>\n\t<meta name=\"twitter:data1\" content=\"5 minutos\" \/>\n<script type=\"application\/ld+json\" class=\"yoast-schema-graph\">{\"@context\":\"https:\/\/schema.org\",\"@graph\":[{\"@type\":\"WebPage\",\"@id\":\"https:\/\/old.fuertafit.com\/?page_id=28327\",\"url\":\"https:\/\/old.fuertafit.com\/?page_id=28327\",\"name\":\"Fuertadance. - Fuertafit\",\"isPartOf\":{\"@id\":\"https:\/\/old.fuertafit.com\/#website\"},\"datePublished\":\"2021-05-13T18:48:11+00:00\",\"dateModified\":\"2021-05-28T10:54:05+00:00\",\"breadcrumb\":{\"@id\":\"https:\/\/old.fuertafit.com\/?page_id=28327#breadcrumb\"},\"inLanguage\":\"es\",\"potentialAction\":[{\"@type\":\"ReadAction\",\"target\":[\"https:\/\/old.fuertafit.com\/?page_id=28327\"]}]},{\"@type\":\"BreadcrumbList\",\"@id\":\"https:\/\/old.fuertafit.com\/?page_id=28327#breadcrumb\",\"itemListElement\":[{\"@type\":\"ListItem\",\"position\":1,\"name\":\"Portada\",\"item\":\"https:\/\/old.fuertafit.com\/\"},{\"@type\":\"ListItem\",\"position\":2,\"name\":\"Fuertadance.\"}]},{\"@type\":\"WebSite\",\"@id\":\"https:\/\/old.fuertafit.com\/#website\",\"url\":\"https:\/\/old.fuertafit.com\/\",\"name\":\"FuertaFit+ el Gimnasio Online m\u00e1s Fuertaco de Sergio Peinado\",\"description\":\"El m\u00e9todo de entrenamiento de Sergio Peinado\",\"publisher\":{\"@id\":\"https:\/\/old.fuertafit.com\/#organization\"},\"potentialAction\":[{\"@type\":\"SearchAction\",\"target\":{\"@type\":\"EntryPoint\",\"urlTemplate\":\"https:\/\/old.fuertafit.com\/?s={search_term_string}\"},\"query-input\":\"required name=search_term_string\"}],\"inLanguage\":\"es\"},{\"@type\":\"Organization\",\"@id\":\"https:\/\/old.fuertafit.com\/#organization\",\"name\":\"FuertaFit+ el Gimnasio Online m\u00e1s Fuertaco de Sergio Peinado\",\"url\":\"https:\/\/old.fuertafit.com\/\",\"logo\":{\"@type\":\"ImageObject\",\"inLanguage\":\"es\",\"@id\":\"https:\/\/old.fuertafit.com\/#\/schema\/logo\/image\/\",\"url\":\"https:\/\/old.fuertafit.com\/wp-content\/uploads\/fuertafit.png\",\"contentUrl\":\"https:\/\/old.fuertafit.com\/wp-content\/uploads\/fuertafit.png\",\"width\":1217,\"height\":354,\"caption\":\"FuertaFit+ el Gimnasio Online m\u00e1s Fuertaco de Sergio Peinado\"},\"image\":{\"@id\":\"https:\/\/old.fuertafit.com\/#\/schema\/logo\/image\/\"},\"sameAs\":[\"https:\/\/www.facebook.com\/Fuertafit-1339260542895841\/\",\"https:\/\/www.instagram.com\/fuertafit\/\",\"https:\/\/www.youtube.com\/channel\/UCfQ_CQgctR53r4OSsloKYTA\"]}]}<\/script>\n<!-- \/ Yoast SEO plugin. -->","yoast_head_json":{"title":"Fuertadance. - Fuertafit","robots":{"index":"index","follow":"follow","max-snippet":"max-snippet:-1","max-image-preview":"max-image-preview:large","max-video-preview":"max-video-preview:-1"},"canonical":"https:\/\/old.fuertafit.com\/?page_id=28327","og_locale":"es_ES","og_type":"article","og_title":"Fuertadance. - Fuertafit","og_description":"Hey Fellow! Limited time offer. Get 10 free stock images. Yes, I\u2019m a dummy text. Anyway I look nice and useful. TRUSTED AND USED BY MANY HUMANS AND COMPANIES Yes, I\u2019m a dummy text. Anyway I look nice and useful. Yes, I\u2019m a dummy text. Anyway I look nice and useful. Yes, I\u2019m a dummy\u2026 Read More &raquo;","og_url":"https:\/\/old.fuertafit.com\/?page_id=28327","og_site_name":"Fuertafit","article_publisher":"https:\/\/www.facebook.com\/Fuertafit-1339260542895841\/","article_modified_time":"2021-05-28T10:54:05+00:00","twitter_card":"summary_large_image","twitter_misc":{"Tiempo de lectura":"5 minutos"},"schema":{"@context":"https:\/\/schema.org","@graph":[{"@type":"WebPage","@id":"https:\/\/old.fuertafit.com\/?page_id=28327","url":"https:\/\/old.fuertafit.com\/?page_id=28327","name":"Fuertadance. - Fuertafit","isPartOf":{"@id":"https:\/\/old.fuertafit.com\/#website"},"datePublished":"2021-05-13T18:48:11+00:00","dateModified":"2021-05-28T10:54:05+00:00","breadcrumb":{"@id":"https:\/\/old.fuertafit.com\/?page_id=28327#breadcrumb"},"inLanguage":"es","potentialAction":[{"@type":"ReadAction","target":["https:\/\/old.fuertafit.com\/?page_id=28327"]}]},{"@type":"BreadcrumbList","@id":"https:\/\/old.fuertafit.com\/?page_id=28327#breadcrumb","itemListElement":[{"@type":"ListItem","position":1,"name":"Portada","item":"https:\/\/old.fuertafit.com\/"},{"@type":"ListItem","position":2,"name":"Fuertadance."}]},{"@type":"WebSite","@id":"https:\/\/old.fuertafit.com\/#website","url":"https:\/\/old.fuertafit.com\/","name":"FuertaFit+ el Gimnasio Online m\u00e1s Fuertaco de Sergio Peinado","description":"El m\u00e9todo de entrenamiento de Sergio Peinado","publisher":{"@id":"https:\/\/old.fuertafit.com\/#organization"},"potentialAction":[{"@type":"SearchAction","target":{"@type":"EntryPoint","urlTemplate":"https:\/\/old.fuertafit.com\/?s={search_term_string}"},"query-input":"required name=search_term_string"}],"inLanguage":"es"},{"@type":"Organization","@id":"https:\/\/old.fuertafit.com\/#organization","name":"FuertaFit+ el Gimnasio Online m\u00e1s Fuertaco de Sergio Peinado","url":"https:\/\/old.fuertafit.com\/","logo":{"@type":"ImageObject","inLanguage":"es","@id":"https:\/\/old.fuertafit.com\/#\/schema\/logo\/image\/","url":"https:\/\/old.fuertafit.com\/wp-content\/uploads\/fuertafit.png","contentUrl":"https:\/\/old.fuertafit.com\/wp-content\/uploads\/fuertafit.png","width":1217,"height":354,"caption":"FuertaFit+ el Gimnasio Online m\u00e1s Fuertaco de Sergio Peinado"},"image":{"@id":"https:\/\/old.fuertafit.com\/#\/schema\/logo\/image\/"},"sameAs":["https:\/\/www.facebook.com\/Fuertafit-1339260542895841\/","https:\/\/www.instagram.com\/fuertafit\/","https:\/\/www.youtube.com\/channel\/UCfQ_CQgctR53r4OSsloKYTA"]}]}},"_links":{"self":[{"href":"https:\/\/old.fuertafit.com\/index.php?rest_route=\/wp\/v2\/pages\/28327"}],"collection":[{"href":"https:\/\/old.fuertafit.com\/index.php?rest_route=\/wp\/v2\/pages"}],"about":[{"href":"https:\/\/old.fuertafit.com\/index.php?rest_route=\/wp\/v2\/types\/page"}],"author":[{"embeddable":true,"href":"https:\/\/old.fuertafit.com\/index.php?rest_route=\/wp\/v2\/users\/14"}],"replies":[{"embeddable":true,"href":"https:\/\/old.fuertafit.com\/index.php?rest_route=%2Fwp%2Fv2%2Fcomments&post=28327"}],"version-history":[{"count":10,"href":"https:\/\/old.fuertafit.com\/index.php?rest_route=\/wp\/v2\/pages\/28327\/revisions"}],"predecessor-version":[{"id":29734,"href":"https:\/\/old.fuertafit.com\/index.php?rest_route=\/wp\/v2\/pages\/28327\/revisions\/29734"}],"wp:attachment":[{"href":"https:\/\/old.fuertafit.com\/index.php?rest_route=%2Fwp%2Fv2%2Fmedia&parent=28327"}],"curies":[{"name":"wp","href":"https:\/\/api.w.org\/{rel}","templated":true}]}}