{"id":28976,"date":"2021-05-23T12:37:24","date_gmt":"2021-05-23T10:37:24","guid":{"rendered":"https:\/\/old.fuertafit.com\/?page_id=28976"},"modified":"2021-05-23T12:37:24","modified_gmt":"2021-05-23T10:37:24","slug":"politica-de-cancelaciones","status":"publish","type":"page","link":"https:\/\/old.fuertafit.com\/?page_id=28976","title":{"rendered":"Pol\u00edtica de Cancelaciones"},"content":{"rendered":"<p>Puedes cancelar tu suscripci\u00f3n a Fuertafit+ en cualquier momento. Cuando canceles, no se te aplicar\u00e1 el cargo en el siguiente per\u00edodo de facturaci\u00f3n y seguir\u00e1s teniendo acceso al servicio hasta el final de tu per\u00edodo de facturaci\u00f3n.<\/p>\n<p>La cancelaci\u00f3n de una suscripci\u00f3n implica, solamente, la paralizaci\u00f3n de los cobros siguientes al per\u00edodo que t\u00fa has pagado. Es decir, interrumpe el servicio.<\/p>\n<p><strong>\u00a1ATENCI\u00d3N!<\/strong> Esta cancelaci\u00f3n <strong>no implica la devoluci\u00f3n del valor invertido<\/strong>. <strong>Son dos procesos diferentes.<\/strong>La cancelaci\u00f3n la puedes realizar t\u00fa mismo a trav\u00e9s del apartado <a href=\"https:\/\/purchase.hotmart.com\/\">https:\/\/purchase.hotmart.com\/<\/a><\/p>\n<p>En cambio, una vez cancelada la suscripci\u00f3n si quieres la activaci\u00f3n de nuevo del producto nos la debes solicitar a nosotros a trav\u00e9s del correo <a href=\"mailto:alumnos@fuertafit.com\">alumnos@fuertafit.com<\/a>.<\/p>\n<p>Para que se mantenga el precio de tu suscripci\u00f3n inicial, podr\u00e1s cancelarla solo <strong>dos veces al a\u00f1o<\/strong>. Si cancelas m\u00e1s veces, tendr\u00e1s que acogerte al precio que est\u00e9 en vigor en ese momento.<\/p>\n<p>De la misma manera, si tu cuenta est\u00e1 desactivada m\u00e1s de 3 meses seguidos una vez quieras volver a acceder al producto, deber\u00e1s acogerte al precio que est\u00e9 en vigor en ese momento.<\/p>\n<h2 style=\"text-align: center;\">DEVOLUCIONES<\/h2>\n<p>La primera vez que accedes a la plataforma tienes <strong>15 d\u00edas de garant\u00eda<\/strong> (incluyendo el d\u00eda de la compra) para solicitar la devoluci\u00f3n del importe por el producto si este no cumple tus expectativas o no encaja con tus necesidades.<\/p>\n<p><strong>El reembolso lo puedes solicitar t\u00fa mismo<\/strong> a trav\u00e9s del apartado <a href=\"https:\/\/purchase.hotmart.com\/\">https:\/\/purchase.hotmart.com\/<\/a><\/p>\n<p>Teniendo en cuenta que se trata de un producto de recurrencia y que existe la posibilidad de cancelar la suscripci\u00f3n, en el momento en el que se solicita el reembolso el usuario pierde de forma inmediata su acceso a la plataforma y la posibilidad de volver a disfrutar del precio con el que accedi\u00f3 al producto.<\/p>\n<p>Si quieres volver a adquirir Fuertafit+ , deber\u00e1s hacerlo con el precio que est\u00e9 en vigor en ese momento.<br \/>\n<strong>\u00a1TOMA NOTA! \u2192 Es importante tener en cuenta que la cancelaci\u00f3n y el reembolso son dos procesos diferenciados<\/strong>, los cuales puedes solicitar t\u00fa mismo desde: <a href=\"https:\/\/purchase.hotmart.com\/\">https:\/\/purchase.hotmart.com\/<\/a><\/p>\n\n<p style=\"text-align: center;\">\u00a0Si tienes alguna otra duda puedes contactarnos en <a href=\"mailto:alumnos@fuertafit.com\">alumnos@fuertafit.com<\/a><\/p>\n","protected":false},"excerpt":{"rendered":"<p>Puedes cancelar tu suscripci\u00f3n a Fuertafit+ en cualquier momento. Cuando canceles, no se te aplicar\u00e1 el cargo en el siguiente per\u00edodo de facturaci\u00f3n y seguir\u00e1s teniendo acceso al servicio hasta el final de tu per\u00edodo de facturaci\u00f3n. La cancelaci\u00f3n de una suscripci\u00f3n implica, solamente, la paralizaci\u00f3n de los cobros siguientes al per\u00edodo que t\u00fa has\u2026 <a href=\"https:\/\/old.fuertafit.com\/?page_id=28976\">Read More &raquo;<\/a><\/p>\n","protected":false},"author":14,"featured_media":0,"parent":0,"menu_order":0,"comment_status":"closed","ping_status":"closed","template":"","meta":{"_et_pb_use_builder":"","_et_pb_old_content":"","_et_gb_content_width":""},"yoast_head":"<!-- This site is optimized with the Yoast SEO plugin v20.3 - https:\/\/yoast.com\/wordpress\/plugins\/seo\/ -->\n<title>Pol\u00edtica de Cancelaciones - Fuertafit<\/title>\n<meta name=\"robots\" content=\"noindex, follow\" \/>\n<meta property=\"og:locale\" content=\"es_ES\" \/>\n<meta property=\"og:type\" content=\"article\" \/>\n<meta property=\"og:title\" content=\"Pol\u00edtica de Cancelaciones - Fuertafit\" \/>\n<meta property=\"og:description\" content=\"Puedes cancelar tu suscripci\u00f3n a Fuertafit+ en cualquier momento. Cuando canceles, no se te aplicar\u00e1 el cargo en el siguiente per\u00edodo de facturaci\u00f3n y seguir\u00e1s teniendo acceso al servicio hasta el final de tu per\u00edodo de facturaci\u00f3n. La cancelaci\u00f3n de una suscripci\u00f3n implica, solamente, la paralizaci\u00f3n de los cobros siguientes al per\u00edodo que t\u00fa has\u2026 Read More &raquo;\" \/>\n<meta property=\"og:url\" content=\"https:\/\/old.fuertafit.com\/?page_id=28976\" \/>\n<meta property=\"og:site_name\" content=\"Fuertafit\" \/>\n<meta property=\"article:publisher\" content=\"https:\/\/www.facebook.com\/Fuertafit-1339260542895841\/\" \/>\n<meta name=\"twitter:card\" content=\"summary_large_image\" \/>\n<meta name=\"twitter:label1\" content=\"Tiempo de lectura\" \/>\n\t<meta name=\"twitter:data1\" content=\"2 minutos\" \/>\n<script type=\"application\/ld+json\" class=\"yoast-schema-graph\">{\"@context\":\"https:\/\/schema.org\",\"@graph\":[{\"@type\":\"WebPage\",\"@id\":\"https:\/\/old.fuertafit.com\/?page_id=28976\",\"url\":\"https:\/\/old.fuertafit.com\/?page_id=28976\",\"name\":\"Pol\u00edtica de Cancelaciones - Fuertafit\",\"isPartOf\":{\"@id\":\"https:\/\/old.fuertafit.com\/#website\"},\"datePublished\":\"2021-05-23T10:37:24+00:00\",\"dateModified\":\"2021-05-23T10:37:24+00:00\",\"breadcrumb\":{\"@id\":\"https:\/\/old.fuertafit.com\/?page_id=28976#breadcrumb\"},\"inLanguage\":\"es\",\"potentialAction\":[{\"@type\":\"ReadAction\",\"target\":[\"https:\/\/old.fuertafit.com\/?page_id=28976\"]}]},{\"@type\":\"BreadcrumbList\",\"@id\":\"https:\/\/old.fuertafit.com\/?page_id=28976#breadcrumb\",\"itemListElement\":[{\"@type\":\"ListItem\",\"position\":1,\"name\":\"Portada\",\"item\":\"https:\/\/old.fuertafit.com\/\"},{\"@type\":\"ListItem\",\"position\":2,\"name\":\"Pol\u00edtica de Cancelaciones\"}]},{\"@type\":\"WebSite\",\"@id\":\"https:\/\/old.fuertafit.com\/#website\",\"url\":\"https:\/\/old.fuertafit.com\/\",\"name\":\"FuertaFit+ el Gimnasio Online m\u00e1s Fuertaco de Sergio Peinado\",\"description\":\"El m\u00e9todo de entrenamiento de Sergio Peinado\",\"publisher\":{\"@id\":\"https:\/\/old.fuertafit.com\/#organization\"},\"potentialAction\":[{\"@type\":\"SearchAction\",\"target\":{\"@type\":\"EntryPoint\",\"urlTemplate\":\"https:\/\/old.fuertafit.com\/?s={search_term_string}\"},\"query-input\":\"required name=search_term_string\"}],\"inLanguage\":\"es\"},{\"@type\":\"Organization\",\"@id\":\"https:\/\/old.fuertafit.com\/#organization\",\"name\":\"FuertaFit+ el Gimnasio Online m\u00e1s Fuertaco de Sergio Peinado\",\"url\":\"https:\/\/old.fuertafit.com\/\",\"logo\":{\"@type\":\"ImageObject\",\"inLanguage\":\"es\",\"@id\":\"https:\/\/old.fuertafit.com\/#\/schema\/logo\/image\/\",\"url\":\"https:\/\/old.fuertafit.com\/wp-content\/uploads\/fuertafit.png\",\"contentUrl\":\"https:\/\/old.fuertafit.com\/wp-content\/uploads\/fuertafit.png\",\"width\":1217,\"height\":354,\"caption\":\"FuertaFit+ el Gimnasio Online m\u00e1s Fuertaco de Sergio Peinado\"},\"image\":{\"@id\":\"https:\/\/old.fuertafit.com\/#\/schema\/logo\/image\/\"},\"sameAs\":[\"https:\/\/www.facebook.com\/Fuertafit-1339260542895841\/\",\"https:\/\/www.instagram.com\/fuertafit\/\",\"https:\/\/www.youtube.com\/channel\/UCfQ_CQgctR53r4OSsloKYTA\"]}]}<\/script>\n<!-- \/ Yoast SEO plugin. -->","yoast_head_json":{"title":"Pol\u00edtica de Cancelaciones - Fuertafit","robots":{"index":"noindex","follow":"follow"},"og_locale":"es_ES","og_type":"article","og_title":"Pol\u00edtica de Cancelaciones - Fuertafit","og_description":"Puedes cancelar tu suscripci\u00f3n a Fuertafit+ en cualquier momento. Cuando canceles, no se te aplicar\u00e1 el cargo en el siguiente per\u00edodo de facturaci\u00f3n y seguir\u00e1s teniendo acceso al servicio hasta el final de tu per\u00edodo de facturaci\u00f3n. La cancelaci\u00f3n de una suscripci\u00f3n implica, solamente, la paralizaci\u00f3n de los cobros siguientes al per\u00edodo que t\u00fa has\u2026 Read More &raquo;","og_url":"https:\/\/old.fuertafit.com\/?page_id=28976","og_site_name":"Fuertafit","article_publisher":"https:\/\/www.facebook.com\/Fuertafit-1339260542895841\/","twitter_card":"summary_large_image","twitter_misc":{"Tiempo de lectura":"2 minutos"},"schema":{"@context":"https:\/\/schema.org","@graph":[{"@type":"WebPage","@id":"https:\/\/old.fuertafit.com\/?page_id=28976","url":"https:\/\/old.fuertafit.com\/?page_id=28976","name":"Pol\u00edtica de Cancelaciones - Fuertafit","isPartOf":{"@id":"https:\/\/old.fuertafit.com\/#website"},"datePublished":"2021-05-23T10:37:24+00:00","dateModified":"2021-05-23T10:37:24+00:00","breadcrumb":{"@id":"https:\/\/old.fuertafit.com\/?page_id=28976#breadcrumb"},"inLanguage":"es","potentialAction":[{"@type":"ReadAction","target":["https:\/\/old.fuertafit.com\/?page_id=28976"]}]},{"@type":"BreadcrumbList","@id":"https:\/\/old.fuertafit.com\/?page_id=28976#breadcrumb","itemListElement":[{"@type":"ListItem","position":1,"name":"Portada","item":"https:\/\/old.fuertafit.com\/"},{"@type":"ListItem","position":2,"name":"Pol\u00edtica de Cancelaciones"}]},{"@type":"WebSite","@id":"https:\/\/old.fuertafit.com\/#website","url":"https:\/\/old.fuertafit.com\/","name":"FuertaFit+ el Gimnasio Online m\u00e1s Fuertaco de Sergio Peinado","description":"El m\u00e9todo de entrenamiento de Sergio Peinado","publisher":{"@id":"https:\/\/old.fuertafit.com\/#organization"},"potentialAction":[{"@type":"SearchAction","target":{"@type":"EntryPoint","urlTemplate":"https:\/\/old.fuertafit.com\/?s={search_term_string}"},"query-input":"required name=search_term_string"}],"inLanguage":"es"},{"@type":"Organization","@id":"https:\/\/old.fuertafit.com\/#organization","name":"FuertaFit+ el Gimnasio Online m\u00e1s Fuertaco de Sergio Peinado","url":"https:\/\/old.fuertafit.com\/","logo":{"@type":"ImageObject","inLanguage":"es","@id":"https:\/\/old.fuertafit.com\/#\/schema\/logo\/image\/","url":"https:\/\/old.fuertafit.com\/wp-content\/uploads\/fuertafit.png","contentUrl":"https:\/\/old.fuertafit.com\/wp-content\/uploads\/fuertafit.png","width":1217,"height":354,"caption":"FuertaFit+ el Gimnasio Online m\u00e1s Fuertaco de Sergio Peinado"},"image":{"@id":"https:\/\/old.fuertafit.com\/#\/schema\/logo\/image\/"},"sameAs":["https:\/\/www.facebook.com\/Fuertafit-1339260542895841\/","https:\/\/www.instagram.com\/fuertafit\/","https:\/\/www.youtube.com\/channel\/UCfQ_CQgctR53r4OSsloKYTA"]}]}},"_links":{"self":[{"href":"https:\/\/old.fuertafit.com\/index.php?rest_route=\/wp\/v2\/pages\/28976"}],"collection":[{"href":"https:\/\/old.fuertafit.com\/index.php?rest_route=\/wp\/v2\/pages"}],"about":[{"href":"https:\/\/old.fuertafit.com\/index.php?rest_route=\/wp\/v2\/types\/page"}],"author":[{"embeddable":true,"href":"https:\/\/old.fuertafit.com\/index.php?rest_route=\/wp\/v2\/users\/14"}],"replies":[{"embeddable":true,"href":"https:\/\/old.fuertafit.com\/index.php?rest_route=%2Fwp%2Fv2%2Fcomments&post=28976"}],"version-history":[{"count":1,"href":"https:\/\/old.fuertafit.com\/index.php?rest_route=\/wp\/v2\/pages\/28976\/revisions"}],"predecessor-version":[{"id":28977,"href":"https:\/\/old.fuertafit.com\/index.php?rest_route=\/wp\/v2\/pages\/28976\/revisions\/28977"}],"wp:attachment":[{"href":"https:\/\/old.fuertafit.com\/index.php?rest_route=%2Fwp%2Fv2%2Fmedia&parent=28976"}],"curies":[{"name":"wp","href":"https:\/\/api.w.org\/{rel}","templated":true}]}}