{"id":29093,"date":"2021-05-24T13:12:39","date_gmt":"2021-05-24T11:12:39","guid":{"rendered":"https:\/\/old.fuertafit.com\/?page_id=29093"},"modified":"2021-05-25T11:01:15","modified_gmt":"2021-05-25T09:01:15","slug":"politica-de-suscripcion","status":"publish","type":"page","link":"https:\/\/old.fuertafit.com\/?page_id=29093","title":{"rendered":"Pol\u00edtica de Suscripci\u00f3n"},"content":{"rendered":"<p>El presente documento tiene por objeto regular expresamente las condiciones particulares, aplicables a los procesos de contrataci\u00f3n y desuscripci\u00f3n llevados a cabo por los usuarios \u201cCliente\u201d del curso online ofrecido por parte de <strong>Fuertafit S.L.<\/strong> a trav\u00e9s del sitio web <a href=\"https:\/\/old.fuertafit.com\/fuertafitplus\" target=\"_blank\" rel=\"noopener\">https:\/\/old.fuertafit.com\/fuertafitplus<\/a>.<\/p>\n<p>Estas condiciones permanecer\u00e1n en vigor y ser\u00e1n v\u00e1lidas durante todo el tiempo que est\u00e9n accesibles a trav\u00e9s del sitio web. Todo ello sin perjuicio de que <strong>Fuertafit S.L<\/strong> se reserva el derecho a modificar, sin previo aviso, cada una de ellas, as\u00ed como cualquiera de<br \/>\nlos textos legales que se encuentren en dicho sitio web.<\/p>\n<p>En todo caso, el acceso a la Web tras su modificaci\u00f3n, inclusi\u00f3n y\/o sustituci\u00f3n, implica la aceptaci\u00f3n de los mismos por parte del usuario.<\/p>\n<p>El cliente se encuentra sujeto a las condiciones particulares vigentes en cada uno de los momentos de realizar la contrataci\u00f3n correspondiente, no siendo posible la contrataci\u00f3n de servicio alguno sin la previa aceptaci\u00f3n de las presentes condiciones particulares de contrataci\u00f3n.<\/p>\n<p>La suscripci\u00f3n digital de Fuertafit+ te permite acceder a la plataforma y a todos sus contenidos mientras el pago de la misma se haga de forma correspondiente.<\/p>\n<h2 style=\"text-align: center;\">\u00bfC\u00d3MO SE RENUEVA MI SUSCRIPCI\u00d3N?<\/h2>\n<p style=\"text-align: left;\">La <strong>renovaci\u00f3n de tu suscripci\u00f3n se realiza de forma autom\u00e1tica<\/strong>. Es decir, el pago de la renovaci\u00f3n se har\u00e1 autom\u00e1tico <strong>si t\u00fa no has cancelado, previamente, tu suscripci\u00f3n<\/strong>.<\/p>\n<p style=\"text-align: left;\">Si has contratado el plan mensual, se te cobrar\u00e1 cada mes el mismo precio (en el mismo d\u00eda que te suscribiste). Si contrataste el plan trimestral, se te cobrar\u00e1 pasados esos 3 meses. Y si escogiste el plan anual, se te cobrar\u00e1 pasados 12 meses.<\/p>\n<p style=\"text-align: left;\">El precio no var\u00eda. En caso de que fuese a variar, te avisar\u00edamos con antelaci\u00f3n.<\/p>\n<p>La cuota de suscripci\u00f3n se cobrar\u00e1 en la fecha de facturaci\u00f3n indicada tras la suscripci\u00f3n inicial. Y, como te coment\u00e1bamos, se realizar\u00e1 de forma mensual, trimestral o anual seg\u00fan la modalidad adquirida.<\/p>\n<p style=\"text-align: left;\"><strong>\u00bfPuedo cambiar mi plan de suscripci\u00f3n?<\/strong><\/p>\n<p>S\u00ed, puedes solicitar a trav\u00e9s de alumnos@fuertafit.com un cambio de plan (mensual, trimestral o anual). Ten en cuenta que ese cambio s\u00f3lo se efectuar\u00e1 cuando venza la modalidad de pago vigente. Por ejemplo: si has contratado el plan para tres meses pero<br \/>\nquieres cambiar al anual, el cambio de plan se efectuar\u00e1 una vez pasados los 3 meses desde tu adquisici\u00f3n de Fuertafit+.<\/p>\n<p><strong>\u00a1IMPORTANTE! solo se permite cambiar de plan dos veces al a\u00f1o.<\/strong><\/p>\n","protected":false},"excerpt":{"rendered":"<p>El presente documento tiene por objeto regular expresamente las condiciones particulares, aplicables a los procesos de contrataci\u00f3n y desuscripci\u00f3n llevados a cabo por los usuarios \u201cCliente\u201d del curso online ofrecido por parte de Fuertafit S.L. a trav\u00e9s del sitio web https:\/\/old.fuertafit.com\/fuertafitplus. Estas condiciones permanecer\u00e1n en vigor y ser\u00e1n v\u00e1lidas durante todo el tiempo que est\u00e9n\u2026 <a href=\"https:\/\/old.fuertafit.com\/?page_id=29093\">Read More &raquo;<\/a><\/p>\n","protected":false},"author":14,"featured_media":0,"parent":0,"menu_order":0,"comment_status":"closed","ping_status":"closed","template":"","meta":{"_et_pb_use_builder":"","_et_pb_old_content":"","_et_gb_content_width":""},"yoast_head":"<!-- This site is optimized with the Yoast SEO plugin v20.3 - https:\/\/yoast.com\/wordpress\/plugins\/seo\/ -->\n<title>Pol\u00edtica de Suscripci\u00f3n - Fuertafit<\/title>\n<meta name=\"robots\" content=\"noindex, follow\" \/>\n<meta property=\"og:locale\" content=\"es_ES\" \/>\n<meta property=\"og:type\" content=\"article\" \/>\n<meta property=\"og:title\" content=\"Pol\u00edtica de Suscripci\u00f3n - Fuertafit\" \/>\n<meta property=\"og:description\" content=\"El presente documento tiene por objeto regular expresamente las condiciones particulares, aplicables a los procesos de contrataci\u00f3n y desuscripci\u00f3n llevados a cabo por los usuarios \u201cCliente\u201d del curso online ofrecido por parte de Fuertafit S.L. a trav\u00e9s del sitio web https:\/\/old.fuertafit.com\/fuertafitplus. Estas condiciones permanecer\u00e1n en vigor y ser\u00e1n v\u00e1lidas durante todo el tiempo que est\u00e9n\u2026 Read More &raquo;\" \/>\n<meta property=\"og:url\" content=\"https:\/\/old.fuertafit.com\/?page_id=29093\" \/>\n<meta property=\"og:site_name\" content=\"Fuertafit\" \/>\n<meta property=\"article:publisher\" content=\"https:\/\/www.facebook.com\/Fuertafit-1339260542895841\/\" \/>\n<meta property=\"article:modified_time\" content=\"2021-05-25T09:01:15+00:00\" \/>\n<meta name=\"twitter:card\" content=\"summary_large_image\" \/>\n<meta name=\"twitter:label1\" content=\"Tiempo de lectura\" \/>\n\t<meta name=\"twitter:data1\" content=\"2 minutos\" \/>\n<script type=\"application\/ld+json\" class=\"yoast-schema-graph\">{\"@context\":\"https:\/\/schema.org\",\"@graph\":[{\"@type\":\"WebPage\",\"@id\":\"https:\/\/old.fuertafit.com\/?page_id=29093\",\"url\":\"https:\/\/old.fuertafit.com\/?page_id=29093\",\"name\":\"Pol\u00edtica de Suscripci\u00f3n - Fuertafit\",\"isPartOf\":{\"@id\":\"https:\/\/old.fuertafit.com\/#website\"},\"datePublished\":\"2021-05-24T11:12:39+00:00\",\"dateModified\":\"2021-05-25T09:01:15+00:00\",\"breadcrumb\":{\"@id\":\"https:\/\/old.fuertafit.com\/?page_id=29093#breadcrumb\"},\"inLanguage\":\"es\",\"potentialAction\":[{\"@type\":\"ReadAction\",\"target\":[\"https:\/\/old.fuertafit.com\/?page_id=29093\"]}]},{\"@type\":\"BreadcrumbList\",\"@id\":\"https:\/\/old.fuertafit.com\/?page_id=29093#breadcrumb\",\"itemListElement\":[{\"@type\":\"ListItem\",\"position\":1,\"name\":\"Portada\",\"item\":\"https:\/\/old.fuertafit.com\/\"},{\"@type\":\"ListItem\",\"position\":2,\"name\":\"Pol\u00edtica de Suscripci\u00f3n\"}]},{\"@type\":\"WebSite\",\"@id\":\"https:\/\/old.fuertafit.com\/#website\",\"url\":\"https:\/\/old.fuertafit.com\/\",\"name\":\"FuertaFit+ el Gimnasio Online m\u00e1s Fuertaco de Sergio Peinado\",\"description\":\"El m\u00e9todo de entrenamiento de Sergio Peinado\",\"publisher\":{\"@id\":\"https:\/\/old.fuertafit.com\/#organization\"},\"potentialAction\":[{\"@type\":\"SearchAction\",\"target\":{\"@type\":\"EntryPoint\",\"urlTemplate\":\"https:\/\/old.fuertafit.com\/?s={search_term_string}\"},\"query-input\":\"required name=search_term_string\"}],\"inLanguage\":\"es\"},{\"@type\":\"Organization\",\"@id\":\"https:\/\/old.fuertafit.com\/#organization\",\"name\":\"FuertaFit+ el Gimnasio Online m\u00e1s Fuertaco de Sergio Peinado\",\"url\":\"https:\/\/old.fuertafit.com\/\",\"logo\":{\"@type\":\"ImageObject\",\"inLanguage\":\"es\",\"@id\":\"https:\/\/old.fuertafit.com\/#\/schema\/logo\/image\/\",\"url\":\"https:\/\/old.fuertafit.com\/wp-content\/uploads\/fuertafit.png\",\"contentUrl\":\"https:\/\/old.fuertafit.com\/wp-content\/uploads\/fuertafit.png\",\"width\":1217,\"height\":354,\"caption\":\"FuertaFit+ el Gimnasio Online m\u00e1s Fuertaco de Sergio Peinado\"},\"image\":{\"@id\":\"https:\/\/old.fuertafit.com\/#\/schema\/logo\/image\/\"},\"sameAs\":[\"https:\/\/www.facebook.com\/Fuertafit-1339260542895841\/\",\"https:\/\/www.instagram.com\/fuertafit\/\",\"https:\/\/www.youtube.com\/channel\/UCfQ_CQgctR53r4OSsloKYTA\"]}]}<\/script>\n<!-- \/ Yoast SEO plugin. -->","yoast_head_json":{"title":"Pol\u00edtica de Suscripci\u00f3n - Fuertafit","robots":{"index":"noindex","follow":"follow"},"og_locale":"es_ES","og_type":"article","og_title":"Pol\u00edtica de Suscripci\u00f3n - Fuertafit","og_description":"El presente documento tiene por objeto regular expresamente las condiciones particulares, aplicables a los procesos de contrataci\u00f3n y desuscripci\u00f3n llevados a cabo por los usuarios \u201cCliente\u201d del curso online ofrecido por parte de Fuertafit S.L. a trav\u00e9s del sitio web https:\/\/old.fuertafit.com\/fuertafitplus. Estas condiciones permanecer\u00e1n en vigor y ser\u00e1n v\u00e1lidas durante todo el tiempo que est\u00e9n\u2026 Read More &raquo;","og_url":"https:\/\/old.fuertafit.com\/?page_id=29093","og_site_name":"Fuertafit","article_publisher":"https:\/\/www.facebook.com\/Fuertafit-1339260542895841\/","article_modified_time":"2021-05-25T09:01:15+00:00","twitter_card":"summary_large_image","twitter_misc":{"Tiempo de lectura":"2 minutos"},"schema":{"@context":"https:\/\/schema.org","@graph":[{"@type":"WebPage","@id":"https:\/\/old.fuertafit.com\/?page_id=29093","url":"https:\/\/old.fuertafit.com\/?page_id=29093","name":"Pol\u00edtica de Suscripci\u00f3n - Fuertafit","isPartOf":{"@id":"https:\/\/old.fuertafit.com\/#website"},"datePublished":"2021-05-24T11:12:39+00:00","dateModified":"2021-05-25T09:01:15+00:00","breadcrumb":{"@id":"https:\/\/old.fuertafit.com\/?page_id=29093#breadcrumb"},"inLanguage":"es","potentialAction":[{"@type":"ReadAction","target":["https:\/\/old.fuertafit.com\/?page_id=29093"]}]},{"@type":"BreadcrumbList","@id":"https:\/\/old.fuertafit.com\/?page_id=29093#breadcrumb","itemListElement":[{"@type":"ListItem","position":1,"name":"Portada","item":"https:\/\/old.fuertafit.com\/"},{"@type":"ListItem","position":2,"name":"Pol\u00edtica de Suscripci\u00f3n"}]},{"@type":"WebSite","@id":"https:\/\/old.fuertafit.com\/#website","url":"https:\/\/old.fuertafit.com\/","name":"FuertaFit+ el Gimnasio Online m\u00e1s Fuertaco de Sergio Peinado","description":"El m\u00e9todo de entrenamiento de Sergio Peinado","publisher":{"@id":"https:\/\/old.fuertafit.com\/#organization"},"potentialAction":[{"@type":"SearchAction","target":{"@type":"EntryPoint","urlTemplate":"https:\/\/old.fuertafit.com\/?s={search_term_string}"},"query-input":"required name=search_term_string"}],"inLanguage":"es"},{"@type":"Organization","@id":"https:\/\/old.fuertafit.com\/#organization","name":"FuertaFit+ el Gimnasio Online m\u00e1s Fuertaco de Sergio Peinado","url":"https:\/\/old.fuertafit.com\/","logo":{"@type":"ImageObject","inLanguage":"es","@id":"https:\/\/old.fuertafit.com\/#\/schema\/logo\/image\/","url":"https:\/\/old.fuertafit.com\/wp-content\/uploads\/fuertafit.png","contentUrl":"https:\/\/old.fuertafit.com\/wp-content\/uploads\/fuertafit.png","width":1217,"height":354,"caption":"FuertaFit+ el Gimnasio Online m\u00e1s Fuertaco de Sergio Peinado"},"image":{"@id":"https:\/\/old.fuertafit.com\/#\/schema\/logo\/image\/"},"sameAs":["https:\/\/www.facebook.com\/Fuertafit-1339260542895841\/","https:\/\/www.instagram.com\/fuertafit\/","https:\/\/www.youtube.com\/channel\/UCfQ_CQgctR53r4OSsloKYTA"]}]}},"_links":{"self":[{"href":"https:\/\/old.fuertafit.com\/index.php?rest_route=\/wp\/v2\/pages\/29093"}],"collection":[{"href":"https:\/\/old.fuertafit.com\/index.php?rest_route=\/wp\/v2\/pages"}],"about":[{"href":"https:\/\/old.fuertafit.com\/index.php?rest_route=\/wp\/v2\/types\/page"}],"author":[{"embeddable":true,"href":"https:\/\/old.fuertafit.com\/index.php?rest_route=\/wp\/v2\/users\/14"}],"replies":[{"embeddable":true,"href":"https:\/\/old.fuertafit.com\/index.php?rest_route=%2Fwp%2Fv2%2Fcomments&post=29093"}],"version-history":[{"count":2,"href":"https:\/\/old.fuertafit.com\/index.php?rest_route=\/wp\/v2\/pages\/29093\/revisions"}],"predecessor-version":[{"id":29260,"href":"https:\/\/old.fuertafit.com\/index.php?rest_route=\/wp\/v2\/pages\/29093\/revisions\/29260"}],"wp:attachment":[{"href":"https:\/\/old.fuertafit.com\/index.php?rest_route=%2Fwp%2Fv2%2Fmedia&parent=29093"}],"curies":[{"name":"wp","href":"https:\/\/api.w.org\/{rel}","templated":true}]}}